{"id":2,"date":"2013-01-08T08:40:50","date_gmt":"2013-01-08T08:40:50","guid":{"rendered":"https:\/\/blog.artsaucarre.be\/peinture\/?page_id=2"},"modified":"2014-01-21T23:25:50","modified_gmt":"2014-01-21T22:25:50","slug":"page-d-exemple","status":"publish","type":"page","link":"https:\/\/blog.artsaucarre.be\/peinture\/page-d-exemple\/","title":{"rendered":"Pr\u00e9sentation"},"content":{"rendered":"<p><a href=\"https:\/\/blog.artsaucarre.be\/peinture\/files\/2013\/01\/Atelier-Peinture-ARTS2_2013.jpg\"><img loading=\"lazy\" decoding=\"async\" class=\"alignnone size-full wp-image-143\" alt=\"Atelier de Peinture ARTS2 \" src=\"https:\/\/blog.artsaucarre.be\/peinture\/files\/2013\/01\/Atelier-Peinture-ARTS2_2013.jpg\" width=\"570\" height=\"433\" srcset=\"https:\/\/blog.artsaucarre.be\/peinture\/files\/2013\/01\/Atelier-Peinture-ARTS2_2013.jpg 800w, https:\/\/blog.artsaucarre.be\/peinture\/files\/2013\/01\/Atelier-Peinture-ARTS2_2013-300x227.jpg 300w, https:\/\/blog.artsaucarre.be\/peinture\/files\/2013\/01\/Atelier-Peinture-ARTS2_2013-210x159.jpg 210w\" sizes=\"auto, (max-width: 570px) 100vw, 570px\" \/><\/a><\/p>\n<p>L\u2019option Peinture est un laboratoire qui questionne le m\u00e9dium pictural sous toutes ses formes. Confront\u00e9 \u00e0 l\u2019exp\u00e9rimentation et aux questionnements plastiques et id\u00e9ologiques de la peinture, l\u2019\u00e9tudiant d\u00e9veloppe progressivement une d\u00e9marche autonome et originale.<\/p>\n<p>Les 2 premi\u00e8res ann\u00e9es sont particuli\u00e8rement ouvertes \u00e0 l\u2019exp\u00e9rimentation et \u00e0 une approche transversale des m\u00e9diums.<br \/>\nEn troisi\u00e8me ann\u00e9e, la priorit\u00e9 est donn\u00e9e \u00e0 un approfondissement du travail personnel et au d\u00e9veloppement du recul critique sur le processus de travail.<\/p>\n<p>En Master, l\u2019\u00e9tudiant, fort des exp\u00e9rimentations des ann\u00e9es pr\u00e9c\u00e9dentes, d\u00e9cide lui-m\u00eame des grandes orientations de son travail. Il l\u2019approfondit et communique de fa\u00e7on coh\u00e9rente ses intentions au travers de son langage plastique.<\/p>\n<p>En master I, chaque \u00e9tudiant sera amen\u00e9 \u00e0 choisir entre deux finalit\u00e9s: la finalit\u00e9 didactique (destin\u00e9e plus particuli\u00e8rement aux \u00e9tudiants qui envisagent une carri\u00e8re d\u2019enseignant dans le degr\u00e9 sup\u00e9rieur des \u00e9coles secondaires) et la finalit\u00e9 sp\u00e9cialis\u00e9e qui le verra s\u2019engager dans une d\u00e9marche d\u2019auteur et d\u2019artiste \u00e0 part enti\u00e8re.<\/p>\n<p>En master II -ann\u00e9e transitoire vers la vie professionnelle- l\u2019\u00e9tudiant devra amener son travail \u00e0 une forme aboutie, \u00e0 sa mise en espace dans des conditions d\u2019exposition lors du jury de fin d\u2019ann\u00e9e, avec une conscience des moyens et du contenu de sa d\u00e9marche.<\/p>\n<p>Un m\u00e9moire de fin d\u2019\u00e9tudes (sous une forme \u00e0 d\u00e9finir avec les professeurs encadrant le projet) est demand\u00e9 aux \u00e9tudiants ayant choisi la finalit\u00e9 sp\u00e9cialis\u00e9e.<\/p>\n","protected":false},"excerpt":{"rendered":"<p>L\u2019option Peinture est un laboratoire qui questionne le m\u00e9dium pictural sous toutes ses formes. Confront\u00e9 \u00e0 l\u2019exp\u00e9rimentation et aux questionnements plastiques et id\u00e9ologiques de la peinture, l\u2019\u00e9tudiant d\u00e9veloppe progressivement une d\u00e9marche autonome et originale. Les 2 premi\u00e8res ann\u00e9es sont particuli\u00e8rement<\/p>\n","protected":false},"author":1,"featured_media":0,"parent":0,"menu_order":0,"comment_status":"open","ping_status":"open","template":"","meta":{"footnotes":""},"class_list":["post-2","page","type-page","status-publish","hentry"],"_links":{"self":[{"href":"https:\/\/blog.artsaucarre.be\/peinture\/wp-json\/wp\/v2\/pages\/2","targetHints":{"allow":["GET"]}}],"collection":[{"href":"https:\/\/blog.artsaucarre.be\/peinture\/wp-json\/wp\/v2\/pages"}],"about":[{"href":"https:\/\/blog.artsaucarre.be\/peinture\/wp-json\/wp\/v2\/types\/page"}],"author":[{"embeddable":true,"href":"https:\/\/blog.artsaucarre.be\/peinture\/wp-json\/wp\/v2\/users\/1"}],"replies":[{"embeddable":true,"href":"https:\/\/blog.artsaucarre.be\/peinture\/wp-json\/wp\/v2\/comments?post=2"}],"version-history":[{"count":10,"href":"https:\/\/blog.artsaucarre.be\/peinture\/wp-json\/wp\/v2\/pages\/2\/revisions"}],"predecessor-version":[{"id":149,"href":"https:\/\/blog.artsaucarre.be\/peinture\/wp-json\/wp\/v2\/pages\/2\/revisions\/149"}],"wp:attachment":[{"href":"https:\/\/blog.artsaucarre.be\/peinture\/wp-json\/wp\/v2\/media?parent=2"}],"curies":[{"name":"wp","href":"https:\/\/api.w.org\/{rel}","templated":true}]}}