{"id":332,"date":"2013-03-30T21:44:25","date_gmt":"2013-03-30T20:44:25","guid":{"rendered":"https:\/\/blog.artsaucarre.be\/artsnumeriques\/?page_id=332"},"modified":"2013-09-14T07:08:57","modified_gmt":"2013-09-14T06:08:57","slug":"contact","status":"publish","type":"page","link":"https:\/\/blog.artsaucarre.be\/artsnumeriques\/contact\/","title":{"rendered":"Contact"},"content":{"rendered":"<p>L&rsquo;option d&rsquo;Arts Num\u00e9riques fait partie du domaine des Arts Plastiques et Visuels d&rsquo;<a href=\"http:\/\/artsaucarre.be\">ARTS\u00b2<\/a>, \u00c9cole Sup\u00e9rieure des Arts, rue de Nimy 7, B-7000 Mons.<\/p>\n<p>L&rsquo;option est situ\u00e9e au <a href=\"http:\/\/goo.gl\/maps\/tjENN\">Carr\u00e9 des Arts, Rue des S\u0153urs Noires 4a, 7000 Mons<\/a>.<\/p>\n<p>Pour plus d&rsquo;informations, contactez <a title=\"Michel Cleempoel\" href=\"mailto:michel.cleempoel@artsaucarre.be\" target=\"_blank\">Michel Cleempoel<\/a>, professeur responsable de l&rsquo;option.<\/p>\n","protected":false},"excerpt":{"rendered":"<p>L&rsquo;option d&rsquo;Arts Num\u00e9riques fait partie du domaine des Arts Plastiques et Visuels d&rsquo;ARTS\u00b2, \u00c9cole Sup\u00e9rieure des Arts, rue de Nimy 7, B-7000 Mons. L&rsquo;option est situ\u00e9e au Carr\u00e9 des Arts, Rue des S\u0153urs Noires 4a, 7000 Mons. Pour plus d&rsquo;informations,<\/p>\n","protected":false},"author":2,"featured_media":0,"parent":0,"menu_order":0,"comment_status":"closed","ping_status":"open","template":"","meta":{"footnotes":""},"class_list":["post-332","page","type-page","status-publish","hentry"],"_links":{"self":[{"href":"https:\/\/blog.artsaucarre.be\/artsnumeriques\/wp-json\/wp\/v2\/pages\/332","targetHints":{"allow":["GET"]}}],"collection":[{"href":"https:\/\/blog.artsaucarre.be\/artsnumeriques\/wp-json\/wp\/v2\/pages"}],"about":[{"href":"https:\/\/blog.artsaucarre.be\/artsnumeriques\/wp-json\/wp\/v2\/types\/page"}],"author":[{"embeddable":true,"href":"https:\/\/blog.artsaucarre.be\/artsnumeriques\/wp-json\/wp\/v2\/users\/2"}],"replies":[{"embeddable":true,"href":"https:\/\/blog.artsaucarre.be\/artsnumeriques\/wp-json\/wp\/v2\/comments?post=332"}],"version-history":[{"count":9,"href":"https:\/\/blog.artsaucarre.be\/artsnumeriques\/wp-json\/wp\/v2\/pages\/332\/revisions"}],"predecessor-version":[{"id":1192,"href":"https:\/\/blog.artsaucarre.be\/artsnumeriques\/wp-json\/wp\/v2\/pages\/332\/revisions\/1192"}],"wp:attachment":[{"href":"https:\/\/blog.artsaucarre.be\/artsnumeriques\/wp-json\/wp\/v2\/media?parent=332"}],"curies":[{"name":"wp","href":"https:\/\/api.w.org\/{rel}","templated":true}]}}