{"id":2,"date":"2013-01-08T08:38:51","date_gmt":"2013-01-08T07:38:51","guid":{"rendered":"https:\/\/blog.artsaucarre.be\/architecturedinterieur\/?page_id=2"},"modified":"2018-10-08T08:44:19","modified_gmt":"2018-10-08T07:44:19","slug":"essai","status":"publish","type":"page","link":"https:\/\/blog.artsaucarre.be\/architecturedinterieur\/essai\/","title":{"rendered":"Equipe Atelier"},"content":{"rendered":"<p><strong>Nathalie Ghellynck<\/strong>, professeur responsable de l\u2019atelier, est architecte d\u2019int\u00e9rieur.<\/p>\n<p>&nbsp;<\/p>\n<p>A ses c\u00f4t\u00e9s, pour mener \u00e0 bien le projet p\u00e9dagogique,<\/p>\n<p>&nbsp;<\/p>\n<p><strong>Edwige Godart<\/strong>, charg\u00e9e d\u2019enseignement \u2013 architecte d\u2019int\u00e9rieur<\/p>\n<p><strong>Laurence Hennebert<\/strong>, assistante \u2013 architecte d\u2019int\u00e9rieur<\/p>\n<p><strong>Jonathan Lempereur<\/strong>, assistant \u2013 architecte d\u2019int\u00e9rieur<\/p>\n<p><strong>Damien Lucca<\/strong>, assistant \u2013 architecte<\/p>\n<p>&nbsp;<\/p>\n<p>D\u2019autres professeurs collaborent de pr\u00e8s au bon fonctionnement de l\u2019option,<\/p>\n<p>&nbsp;<\/p>\n<p><strong>Evelyne Gilmont<\/strong>, architecte d\u2019int\u00e9rieur et designer<\/p>\n<p><strong>Bruno Henaut<\/strong>, dessinateur technique et concepteur 3D<\/p>\n<p><strong>Florence Jacobs<\/strong>, architecte d\u2019int\u00e9rieur<\/p>\n<p>&nbsp;<\/p>\n<p>Enfin, pour compl\u00e9ter les programmes d\u2019\u00e9tude, une multitude d\u2019enseignants de cours artistiques, g\u00e9n\u00e9raux et techniques que vous trouverez sur le site d\u2019<a href=\"http:\/\/esapv.be\/\">Arts \u00b2<\/a>.<\/p>\n","protected":false},"excerpt":{"rendered":"<p>Nathalie Ghellynck, professeur responsable de l\u2019atelier, est architecte d\u2019int\u00e9rieur. &nbsp; A ses c\u00f4t\u00e9s, pour mener \u00e0 bien le projet p\u00e9dagogique, &nbsp; Edwige Godart, charg\u00e9e d\u2019enseignement \u2013 architecte d\u2019int\u00e9rieur Laurence Hennebert, assistante \u2013 architecte d\u2019int\u00e9rieur Jonathan Lempereur, assistant \u2013 architecte d\u2019int\u00e9rieur<\/p>\n","protected":false},"author":1,"featured_media":0,"parent":0,"menu_order":0,"comment_status":"closed","ping_status":"closed","template":"","meta":{"footnotes":""},"class_list":["post-2","page","type-page","status-publish","hentry"],"_links":{"self":[{"href":"https:\/\/blog.artsaucarre.be\/architecturedinterieur\/wp-json\/wp\/v2\/pages\/2","targetHints":{"allow":["GET"]}}],"collection":[{"href":"https:\/\/blog.artsaucarre.be\/architecturedinterieur\/wp-json\/wp\/v2\/pages"}],"about":[{"href":"https:\/\/blog.artsaucarre.be\/architecturedinterieur\/wp-json\/wp\/v2\/types\/page"}],"author":[{"embeddable":true,"href":"https:\/\/blog.artsaucarre.be\/architecturedinterieur\/wp-json\/wp\/v2\/users\/1"}],"replies":[{"embeddable":true,"href":"https:\/\/blog.artsaucarre.be\/architecturedinterieur\/wp-json\/wp\/v2\/comments?post=2"}],"version-history":[{"count":8,"href":"https:\/\/blog.artsaucarre.be\/architecturedinterieur\/wp-json\/wp\/v2\/pages\/2\/revisions"}],"predecessor-version":[{"id":3975,"href":"https:\/\/blog.artsaucarre.be\/architecturedinterieur\/wp-json\/wp\/v2\/pages\/2\/revisions\/3975"}],"wp:attachment":[{"href":"https:\/\/blog.artsaucarre.be\/architecturedinterieur\/wp-json\/wp\/v2\/media?parent=2"}],"curies":[{"name":"wp","href":"https:\/\/api.w.org\/{rel}","templated":true}]}}